{"id":1121,"date":"2025-12-20T10:20:01","date_gmt":"2025-12-20T09:20:01","guid":{"rendered":"https:\/\/egiarecords.com\/?post_type=product&#038;p=1121"},"modified":"2026-01-31T18:41:27","modified_gmt":"2026-01-31T17:41:27","slug":"orbital-orbital-2-the-brown-album","status":"publish","type":"product","link":"https:\/\/egiarecords.com\/eu\/denda\/orbital-orbital-2-the-brown-album\/","title":{"rendered":"Orbital &#8211; Orbital 2 (The Brown Album)"},"content":{"rendered":"<p>Segundo \u00e1lbum (1993) del d\u00fao de electr\u00f3nica. Un pilar del Techno y Ambient con un sonido psicod\u00e9lico y de rave.<\/p>\n","protected":false},"excerpt":{"rendered":"<p>Segundo \u00e1lbum (1993) del d\u00fao de electr\u00f3nica. Un pilar del Techno y Ambient con un sonido psicod\u00e9lico y de rave.<\/p>\n","protected":false},"featured_media":1123,"template":"","meta":[],"product_brand":[],"product_cat":[689],"product_tag":[],"sello":[586],"artista":[585],"class_list":{"0":"post-1121","1":"product","2":"type-product","3":"status-publish","4":"has-post-thumbnail","6":"product_cat-vinilos","7":"sello-internal","8":"artista-orbital","9":"estilo-techno","11":"first","12":"outofstock","13":"taxable","14":"shipping-taxable","15":"purchasable","16":"product-type-simple"},"_links":{"self":[{"href":"https:\/\/egiarecords.com\/eu\/wp-json\/wp\/v2\/product\/1121","targetHints":{"allow":["GET"]}}],"collection":[{"href":"https:\/\/egiarecords.com\/eu\/wp-json\/wp\/v2\/product"}],"about":[{"href":"https:\/\/egiarecords.com\/eu\/wp-json\/wp\/v2\/types\/product"}],"wp:featuredmedia":[{"embeddable":true,"href":"https:\/\/egiarecords.com\/eu\/wp-json\/wp\/v2\/media\/1123"}],"wp:attachment":[{"href":"https:\/\/egiarecords.com\/eu\/wp-json\/wp\/v2\/media?parent=1121"}],"wp:term":[{"taxonomy":"product_brand","embeddable":true,"href":"https:\/\/egiarecords.com\/eu\/wp-json\/wp\/v2\/product_brand?post=1121"},{"taxonomy":"product_cat","embeddable":true,"href":"https:\/\/egiarecords.com\/eu\/wp-json\/wp\/v2\/product_cat?post=1121"},{"taxonomy":"product_tag","embeddable":true,"href":"https:\/\/egiarecords.com\/eu\/wp-json\/wp\/v2\/product_tag?post=1121"},{"taxonomy":"sello","embeddable":true,"href":"https:\/\/egiarecords.com\/eu\/wp-json\/wp\/v2\/sello?post=1121"},{"taxonomy":"artista","embeddable":true,"href":"https:\/\/egiarecords.com\/eu\/wp-json\/wp\/v2\/artista?post=1121"}],"curies":[{"name":"wp","href":"https:\/\/api.w.org\/{rel}","templated":true}]}}