{"id":1079,"date":"2025-12-20T10:13:29","date_gmt":"2025-12-20T09:13:29","guid":{"rendered":"https:\/\/egiarecords.com\/?post_type=product&#038;p=1079"},"modified":"2026-01-12T11:33:24","modified_gmt":"2026-01-12T10:33:24","slug":"mgmt-little-dark-age","status":"publish","type":"product","link":"https:\/\/egiarecords.com\/eu\/denda\/mgmt-little-dark-age\/","title":{"rendered":"MGMT &#8211; Little Dark Age"},"content":{"rendered":"<p>Cuarto \u00e1lbum (2018). Synth Pop y rock psicod\u00e9lico m\u00e1s oscuro y maduro que sus trabajos anteriores.<\/p>\n","protected":false},"excerpt":{"rendered":"<p>Cuarto \u00e1lbum (2018). Synth Pop y rock psicod\u00e9lico m\u00e1s oscuro y maduro que sus trabajos anteriores.<\/p>\n","protected":false},"featured_media":1081,"template":"","meta":[],"product_brand":[],"product_cat":[689],"product_tag":[],"sello":[74],"artista":[562],"class_list":{"0":"post-1079","1":"product","2":"type-product","3":"status-publish","4":"has-post-thumbnail","6":"product_cat-vinilos","7":"sello-columbia","8":"artista-mgmt","9":"fecha-528","10":"estilo-indie-pop","11":"estilo-indie-rock","12":"estilo-psychedelic-rock","14":"first","15":"instock","16":"taxable","17":"shipping-taxable","18":"purchasable","19":"product-type-simple"},"_links":{"self":[{"href":"https:\/\/egiarecords.com\/eu\/wp-json\/wp\/v2\/product\/1079","targetHints":{"allow":["GET"]}}],"collection":[{"href":"https:\/\/egiarecords.com\/eu\/wp-json\/wp\/v2\/product"}],"about":[{"href":"https:\/\/egiarecords.com\/eu\/wp-json\/wp\/v2\/types\/product"}],"wp:featuredmedia":[{"embeddable":true,"href":"https:\/\/egiarecords.com\/eu\/wp-json\/wp\/v2\/media\/1081"}],"wp:attachment":[{"href":"https:\/\/egiarecords.com\/eu\/wp-json\/wp\/v2\/media?parent=1079"}],"wp:term":[{"taxonomy":"product_brand","embeddable":true,"href":"https:\/\/egiarecords.com\/eu\/wp-json\/wp\/v2\/product_brand?post=1079"},{"taxonomy":"product_cat","embeddable":true,"href":"https:\/\/egiarecords.com\/eu\/wp-json\/wp\/v2\/product_cat?post=1079"},{"taxonomy":"product_tag","embeddable":true,"href":"https:\/\/egiarecords.com\/eu\/wp-json\/wp\/v2\/product_tag?post=1079"},{"taxonomy":"sello","embeddable":true,"href":"https:\/\/egiarecords.com\/eu\/wp-json\/wp\/v2\/sello?post=1079"},{"taxonomy":"artista","embeddable":true,"href":"https:\/\/egiarecords.com\/eu\/wp-json\/wp\/v2\/artista?post=1079"}],"curies":[{"name":"wp","href":"https:\/\/api.w.org\/{rel}","templated":true}]}}