{"id":1026,"date":"2025-12-20T10:02:54","date_gmt":"2025-12-20T09:02:54","guid":{"rendered":"https:\/\/egiarecords.com\/?post_type=product&#038;p=1026"},"modified":"2026-01-27T10:44:08","modified_gmt":"2026-01-27T09:44:08","slug":"love-of-lesbian-maniobras-de-escapismo","status":"publish","type":"product","link":"https:\/\/egiarecords.com\/eu\/denda\/love-of-lesbian-maniobras-de-escapismo\/","title":{"rendered":"Love Of Lesbian &#8211; Maniobras De Escapismo"},"content":{"rendered":"<p>\u00c1lbum crucial de 2005, el primero en espa\u00f1ol. Indie pop y rock con un enfoque m\u00e1s introspectivo.<\/p>\n","protected":false},"excerpt":{"rendered":"<p>\u00c1lbum crucial de 2005, el primero en espa\u00f1ol. Indie pop y rock con un enfoque m\u00e1s introspectivo.<\/p>\n","protected":false},"featured_media":1028,"template":"","meta":[],"product_brand":[],"product_cat":[689],"product_tag":[],"sello":[95],"artista":[533],"class_list":{"0":"post-1026","1":"product","2":"type-product","3":"status-publish","4":"has-post-thumbnail","6":"product_cat-vinilos","7":"sello-mushroom-pillow","8":"artista-love-of-lesbian","9":"fecha-528","10":"estilo-alternative-rock","12":"first","13":"outofstock","14":"taxable","15":"shipping-taxable","16":"purchasable","17":"product-type-simple"},"_links":{"self":[{"href":"https:\/\/egiarecords.com\/eu\/wp-json\/wp\/v2\/product\/1026","targetHints":{"allow":["GET"]}}],"collection":[{"href":"https:\/\/egiarecords.com\/eu\/wp-json\/wp\/v2\/product"}],"about":[{"href":"https:\/\/egiarecords.com\/eu\/wp-json\/wp\/v2\/types\/product"}],"wp:featuredmedia":[{"embeddable":true,"href":"https:\/\/egiarecords.com\/eu\/wp-json\/wp\/v2\/media\/1028"}],"wp:attachment":[{"href":"https:\/\/egiarecords.com\/eu\/wp-json\/wp\/v2\/media?parent=1026"}],"wp:term":[{"taxonomy":"product_brand","embeddable":true,"href":"https:\/\/egiarecords.com\/eu\/wp-json\/wp\/v2\/product_brand?post=1026"},{"taxonomy":"product_cat","embeddable":true,"href":"https:\/\/egiarecords.com\/eu\/wp-json\/wp\/v2\/product_cat?post=1026"},{"taxonomy":"product_tag","embeddable":true,"href":"https:\/\/egiarecords.com\/eu\/wp-json\/wp\/v2\/product_tag?post=1026"},{"taxonomy":"sello","embeddable":true,"href":"https:\/\/egiarecords.com\/eu\/wp-json\/wp\/v2\/sello?post=1026"},{"taxonomy":"artista","embeddable":true,"href":"https:\/\/egiarecords.com\/eu\/wp-json\/wp\/v2\/artista?post=1026"}],"curies":[{"name":"wp","href":"https:\/\/api.w.org\/{rel}","templated":true}]}}