{"id":1022,"date":"2025-12-20T10:02:16","date_gmt":"2025-12-20T09:02:16","guid":{"rendered":"https:\/\/egiarecords.com\/?post_type=product&#038;p=1022"},"modified":"2025-12-20T10:02:16","modified_gmt":"2025-12-20T09:02:16","slug":"love-of-lesbian-cuentos-chinos-para-ninos-del-japon","status":"publish","type":"product","link":"https:\/\/egiarecords.com\/eu\/denda\/love-of-lesbian-cuentos-chinos-para-ninos-del-japon\/","title":{"rendered":"Love Of Lesbian &#8211; Cuentos Chinos Para Ni\u00f1os Del Jap\u00f3n"},"content":{"rendered":"<p>\u00c1lbum que marc\u00f3 su salto al estrellato indie en 2007. Pop rock \u00e9pico con letras complejas y narrativas.<\/p>\n","protected":false},"excerpt":{"rendered":"<p>\u00c1lbum que marc\u00f3 su salto al estrellato indie en 2007. Pop rock \u00e9pico con letras complejas y narrativas.<\/p>\n","protected":false},"featured_media":1024,"template":"","meta":[],"product_brand":[],"product_cat":[689],"product_tag":[],"sello":[95],"artista":[533],"class_list":{"0":"post-1022","1":"product","2":"type-product","3":"status-publish","4":"has-post-thumbnail","6":"product_cat-vinilos","7":"sello-mushroom-pillow","8":"artista-love-of-lesbian","9":"fecha-459","10":"estilo-pop-rock","12":"first","13":"instock","14":"taxable","15":"shipping-taxable","16":"purchasable","17":"product-type-simple"},"_links":{"self":[{"href":"https:\/\/egiarecords.com\/eu\/wp-json\/wp\/v2\/product\/1022","targetHints":{"allow":["GET"]}}],"collection":[{"href":"https:\/\/egiarecords.com\/eu\/wp-json\/wp\/v2\/product"}],"about":[{"href":"https:\/\/egiarecords.com\/eu\/wp-json\/wp\/v2\/types\/product"}],"wp:featuredmedia":[{"embeddable":true,"href":"https:\/\/egiarecords.com\/eu\/wp-json\/wp\/v2\/media\/1024"}],"wp:attachment":[{"href":"https:\/\/egiarecords.com\/eu\/wp-json\/wp\/v2\/media?parent=1022"}],"wp:term":[{"taxonomy":"product_brand","embeddable":true,"href":"https:\/\/egiarecords.com\/eu\/wp-json\/wp\/v2\/product_brand?post=1022"},{"taxonomy":"product_cat","embeddable":true,"href":"https:\/\/egiarecords.com\/eu\/wp-json\/wp\/v2\/product_cat?post=1022"},{"taxonomy":"product_tag","embeddable":true,"href":"https:\/\/egiarecords.com\/eu\/wp-json\/wp\/v2\/product_tag?post=1022"},{"taxonomy":"sello","embeddable":true,"href":"https:\/\/egiarecords.com\/eu\/wp-json\/wp\/v2\/sello?post=1022"},{"taxonomy":"artista","embeddable":true,"href":"https:\/\/egiarecords.com\/eu\/wp-json\/wp\/v2\/artista?post=1022"}],"curies":[{"name":"wp","href":"https:\/\/api.w.org\/{rel}","templated":true}]}}