{"id":1019,"date":"2025-12-20T09:58:50","date_gmt":"2025-12-20T08:58:50","guid":{"rendered":"https:\/\/egiarecords.com\/?post_type=product&#038;p=1019"},"modified":"2026-01-18T19:25:07","modified_gmt":"2026-01-18T18:25:07","slug":"los-hermanos-another-day","status":"publish","type":"product","link":"https:\/\/egiarecords.com\/eu\/denda\/los-hermanos-another-day\/","title":{"rendered":"Los Hermanos &#8211; Another Day"},"content":{"rendered":"<p>Deep House y House latino. Represi\u00f3n de un cl\u00e1sico del House brasile\u00f1o, con ritmos c\u00e1lidos y percusi\u00f3n org\u00e1nica.<\/p>\n","protected":false},"excerpt":{"rendered":"<p>Deep House y House latino. Represi\u00f3n de un cl\u00e1sico del House brasile\u00f1o, con ritmos c\u00e1lidos y percusi\u00f3n org\u00e1nica.<\/p>\n","protected":false},"featured_media":1021,"template":"","meta":[],"product_brand":[],"product_cat":[689],"product_tag":[],"sello":[532],"artista":[531],"class_list":{"0":"post-1019","1":"product","2":"type-product","3":"status-publish","4":"has-post-thumbnail","6":"product_cat-vinilos","7":"sello-mother-tongue-records","8":"artista-los-hermanos","9":"fecha-306","10":"estilo-deep-house","11":"estilo-house","12":"estilo-techno","14":"first","15":"outofstock","16":"taxable","17":"shipping-taxable","18":"purchasable","19":"product-type-simple"},"_links":{"self":[{"href":"https:\/\/egiarecords.com\/eu\/wp-json\/wp\/v2\/product\/1019","targetHints":{"allow":["GET"]}}],"collection":[{"href":"https:\/\/egiarecords.com\/eu\/wp-json\/wp\/v2\/product"}],"about":[{"href":"https:\/\/egiarecords.com\/eu\/wp-json\/wp\/v2\/types\/product"}],"wp:featuredmedia":[{"embeddable":true,"href":"https:\/\/egiarecords.com\/eu\/wp-json\/wp\/v2\/media\/1021"}],"wp:attachment":[{"href":"https:\/\/egiarecords.com\/eu\/wp-json\/wp\/v2\/media?parent=1019"}],"wp:term":[{"taxonomy":"product_brand","embeddable":true,"href":"https:\/\/egiarecords.com\/eu\/wp-json\/wp\/v2\/product_brand?post=1019"},{"taxonomy":"product_cat","embeddable":true,"href":"https:\/\/egiarecords.com\/eu\/wp-json\/wp\/v2\/product_cat?post=1019"},{"taxonomy":"product_tag","embeddable":true,"href":"https:\/\/egiarecords.com\/eu\/wp-json\/wp\/v2\/product_tag?post=1019"},{"taxonomy":"sello","embeddable":true,"href":"https:\/\/egiarecords.com\/eu\/wp-json\/wp\/v2\/sello?post=1019"},{"taxonomy":"artista","embeddable":true,"href":"https:\/\/egiarecords.com\/eu\/wp-json\/wp\/v2\/artista?post=1019"}],"curies":[{"name":"wp","href":"https:\/\/api.w.org\/{rel}","templated":true}]}}