{"id":1013,"date":"2025-12-20T09:57:12","date_gmt":"2025-12-20T08:57:12","guid":{"rendered":"https:\/\/egiarecords.com\/?post_type=product&#038;p=1013"},"modified":"2026-03-14T20:07:07","modified_gmt":"2026-03-14T19:07:07","slug":"loreena-mckennitt-the-visit","status":"publish","type":"product","link":"https:\/\/egiarecords.com\/eu\/denda\/loreena-mckennitt-the-visit\/","title":{"rendered":"Loreena McKennitt &#8211; The Visit"},"content":{"rendered":"<p>\u00c1lbum de 1991 que la catapult\u00f3 a la fama internacional. M\u00fasica celta y New Age con profundos arreglos.<\/p>\n","protected":false},"excerpt":{"rendered":"<p>\u00c1lbum de 1991 que la catapult\u00f3 a la fama internacional. M\u00fasica celta y New Age con profundos arreglos.<\/p>\n","protected":false},"featured_media":1015,"template":"","meta":[],"product_brand":[],"product_cat":[689],"product_tag":[],"sello":[92],"artista":[526],"class_list":{"0":"post-1013","1":"product","2":"type-product","3":"status-publish","4":"has-post-thumbnail","6":"product_cat-vinilos","7":"sello-quinlan-road","8":"artista-loreena-mckennitt","9":"fecha-368","10":"estilo-celtic","12":"first","13":"outofstock","14":"taxable","15":"shipping-taxable","16":"purchasable","17":"product-type-simple"},"_links":{"self":[{"href":"https:\/\/egiarecords.com\/eu\/wp-json\/wp\/v2\/product\/1013","targetHints":{"allow":["GET"]}}],"collection":[{"href":"https:\/\/egiarecords.com\/eu\/wp-json\/wp\/v2\/product"}],"about":[{"href":"https:\/\/egiarecords.com\/eu\/wp-json\/wp\/v2\/types\/product"}],"wp:featuredmedia":[{"embeddable":true,"href":"https:\/\/egiarecords.com\/eu\/wp-json\/wp\/v2\/media\/1015"}],"wp:attachment":[{"href":"https:\/\/egiarecords.com\/eu\/wp-json\/wp\/v2\/media?parent=1013"}],"wp:term":[{"taxonomy":"product_brand","embeddable":true,"href":"https:\/\/egiarecords.com\/eu\/wp-json\/wp\/v2\/product_brand?post=1013"},{"taxonomy":"product_cat","embeddable":true,"href":"https:\/\/egiarecords.com\/eu\/wp-json\/wp\/v2\/product_cat?post=1013"},{"taxonomy":"product_tag","embeddable":true,"href":"https:\/\/egiarecords.com\/eu\/wp-json\/wp\/v2\/product_tag?post=1013"},{"taxonomy":"sello","embeddable":true,"href":"https:\/\/egiarecords.com\/eu\/wp-json\/wp\/v2\/sello?post=1013"},{"taxonomy":"artista","embeddable":true,"href":"https:\/\/egiarecords.com\/eu\/wp-json\/wp\/v2\/artista?post=1013"}],"curies":[{"name":"wp","href":"https:\/\/api.w.org\/{rel}","templated":true}]}}